{"id":4016,"date":"2019-03-27T19:22:55","date_gmt":"2019-03-27T19:22:55","guid":{"rendered":"https:\/\/bj-concept.com\/?page_id=4016"},"modified":"2019-10-25T05:20:00","modified_gmt":"2019-10-25T05:20:00","slug":"innenausstattung","status":"publish","type":"page","link":"https:\/\/bj-concept.com\/de\/innenausstattung\/","title":{"rendered":"Innenausstattung"},"content":{"rendered":"<div id='full_slider_1'  class='avia-fullwidth-slider main_color avia-shadow   avia-builder-el-0  el_before_av_one_fifth  avia-builder-el-first   container_wrap fullsize'  ><div  class='avia-slideshow av-jm6h81i0-6904b4fb042234fa93312a7b9c83643d avia-slideshow-featured av_slideshow_full avia-slide-slider av-slideshow-ui av-control-default av-slideshow-manual av-loop-once av-loop-manual-endless av-default-height-applied   avia-slideshow-1' data-slideshow-options=\"{&quot;animation&quot;:&quot;slide&quot;,&quot;autoplay&quot;:false,&quot;loop_autoplay&quot;:&quot;once&quot;,&quot;interval&quot;:5,&quot;loop_manual&quot;:&quot;manual-endless&quot;,&quot;autoplay_stopper&quot;:false,&quot;noNavigation&quot;:false,&quot;bg_slider&quot;:false,&quot;keep_padding&quot;:false,&quot;hoverpause&quot;:false,&quot;show_slide_delay&quot;:0}\"  itemprop=\"image\" itemscope=\"itemscope\" itemtype=\"https:\/\/schema.org\/ImageObject\" ><ul class='avia-slideshow-inner ' style='padding-bottom: 28.666666666667%;'><li  class='avia-slideshow-slide av-jm6h81i0-6904b4fb042234fa93312a7b9c83643d__0  av-single-slide slide-1 slide-odd'><div data-rel='slideshow-1' class='avia-slide-wrap '   ><img class=\"wp-image-5102 avia-img-lazy-loading-not-5102\"  src='https:\/\/bj-concept.com\/wp-content\/uploads\/2019\/09\/Replace-INTERIOR-PICTURE-1500x430.jpeg' width='1500' height='430' title='Replace INTERIOR PICTURE' alt=''  itemprop=\"thumbnailUrl\"   \/><\/div><\/li><\/ul><\/div><\/div><div id='after_full_slider_1'  class='main_color av_default_container_wrap container_wrap fullsize'  ><div class='container av-section-cont-open' ><div class='template-page content  av-content-full alpha units'><div class='post-entry post-entry-type-page post-entry-4016'><div class='entry-content-wrapper clearfix'>\n\n<style type=\"text\/css\" data-created_by=\"avia_inline_auto\" id=\"style-css-av-67awtv-a9c29aaaa4209ddc828813af66135b49\">\n.flex_column.av-67awtv-a9c29aaaa4209ddc828813af66135b49{\n-webkit-border-radius:0px 0px 0px 0px;\n-moz-border-radius:0px 0px 0px 0px;\nborder-radius:0px 0px 0px 0px;\npadding:0px 0px 0px 0px;\n}\n<\/style>\n<div  class='flex_column av-67awtv-a9c29aaaa4209ddc828813af66135b49 av_one_fifth  avia-builder-el-1  el_after_av_slideshow_full  el_before_av_three_fifth  avia-builder-el-first  first flex_column_div av-zero-column-padding  '     ><\/div>\n\n<style type=\"text\/css\" data-created_by=\"avia_inline_auto\" id=\"style-css-av-hmi6r-e0020e3306a1ccaa4cdf9539a024b434\">\n.flex_column.av-hmi6r-e0020e3306a1ccaa4cdf9539a024b434{\n-webkit-border-radius:0px 0px 0px 0px;\n-moz-border-radius:0px 0px 0px 0px;\nborder-radius:0px 0px 0px 0px;\npadding:0px 0px 0px 0px;\n}\n<\/style>\n<div  class='flex_column av-hmi6r-e0020e3306a1ccaa4cdf9539a024b434 av_three_fifth  avia-builder-el-2  el_after_av_one_fifth  el_before_av_one_fifth  flex_column_div av-zero-column-padding  '     ><section  class='av_textblock_section av-jm2amf7q-1ba97cfa2883253d662c38827f3791e5 '   itemscope=\"itemscope\" itemtype=\"https:\/\/schema.org\/CreativeWork\" ><div class='avia_textblock'  itemprop=\"text\" ><h1>innenarchitektur<\/h1>\n<\/div><\/section><br \/>\n<section  class='av_textblock_section av-jm2am425-cae4672955f96053cdb3f18b2fc32f94 '   itemscope=\"itemscope\" itemtype=\"https:\/\/schema.org\/CreativeWork\" ><div class='avia_textblock'  itemprop=\"text\" ><p>BJ Concept bietet ein freundliches Design-Service, welches eine ma\u00dfgeschneiderte L\u00f6sung schafft, um die Bed\u00fcrfnisse und Tr\u00e4ume eines Kunden zu erfassen und umzusetzen. Ich konzentriere mich auch auf die Zweckm\u00e4\u00dfigkeit und den Komfort, um sicherzustellen, dass der Innenraum nicht nur sch\u00f6n aussieht, sondern auch wohnlich und einladend ist.<\/p>\n<p>Ich bin gerne von Anfang an mit dabei und arbeite eng mit den Architekten und Unternehmen zusammen, um sicherzustellen, dass eine Raumplanung perfekt zum Lebensstil eines Kunden passt.<\/p>\n<p>Meine Beziehung zu spezialisierten Handwerkern und ausgew\u00e4hlten Lieferanten, er\u00f6ffnet die M\u00f6glichkeit, ungew\u00f6hnliche Accessoires zu finden. Mein Interesse an Vintage- und Altmaterialien sowie Kunstwerken garantieren den Kunden ein gut ausgef\u00fchrtes und sch\u00f6nes Projekt.<\/p>\n<p>Ich bin sehr stolz auf mein Kundenservice, jedoch \u00fcbernehme ich jedes Jahr nur eine begrenzte Anzahl von Projekten, um sicherzustellen, dass Sie als Kunde, die Zeit und die Aufmerksamkeit erhalten, welche Sie verdienen.<\/p>\n<p>Sie sind an der richtigen Stelle, wenn Sie Ihr Zuhause einzigartig, sch\u00f6n, praktisch und pers\u00f6nlich gestalten m\u00f6chten, ohne ein unbegrenztes Budget zu ben\u00f6tigen.<\/p>\n<\/div><\/section><br \/>\n<section  class='av_textblock_section av-jm2am425-cae4672955f96053cdb3f18b2fc32f94 '   itemscope=\"itemscope\" itemtype=\"https:\/\/schema.org\/CreativeWork\" ><div class='avia_textblock'  itemprop=\"text\" ><p style=\"text-align: center;\">\u201eInterieur ist ein Gleichgewicht zwischen wer du bist und was du liebst\u201c<\/p>\n<\/div><\/section><\/p><\/div>\n\n<style type=\"text\/css\" data-created_by=\"avia_inline_auto\" id=\"style-css-av-ay0s3-3fe018c71d0c40540baf72fd732f0e4e\">\n.flex_column.av-ay0s3-3fe018c71d0c40540baf72fd732f0e4e{\n-webkit-border-radius:0px 0px 0px 0px;\n-moz-border-radius:0px 0px 0px 0px;\nborder-radius:0px 0px 0px 0px;\npadding:0px 0px 0px 0px;\n}\n<\/style>\n<div  class='flex_column av-ay0s3-3fe018c71d0c40540baf72fd732f0e4e av_one_fifth  avia-builder-el-6  el_after_av_three_fifth  avia-builder-el-last  flex_column_div av-zero-column-padding  '     ><\/div>\n","protected":false},"excerpt":{"rendered":"","protected":false},"author":6,"featured_media":0,"parent":0,"menu_order":0,"comment_status":"closed","ping_status":"closed","template":"","meta":{"footnotes":""},"class_list":["post-4016","page","type-page","status-publish","hentry"],"yoast_head":"<!-- This site is optimized with the Yoast SEO plugin v27.3 - https:\/\/yoast.com\/product\/yoast-seo-wordpress\/ -->\n<title>Innenausstattung - BJ Concept<\/title>\n<meta name=\"robots\" content=\"index, follow, max-snippet:-1, max-image-preview:large, max-video-preview:-1\" \/>\n<link rel=\"canonical\" href=\"https:\/\/bj-concept.com\/de\/innenausstattung\/\" \/>\n<meta property=\"og:locale\" content=\"de_DE\" \/>\n<meta property=\"og:type\" content=\"article\" \/>\n<meta property=\"og:title\" content=\"Innenausstattung - BJ Concept\" \/>\n<meta property=\"og:url\" content=\"https:\/\/bj-concept.com\/de\/innenausstattung\/\" \/>\n<meta property=\"og:site_name\" content=\"BJ Concept\" \/>\n<meta property=\"article:modified_time\" content=\"2019-10-25T05:20:00+00:00\" \/>\n<meta name=\"twitter:card\" content=\"summary_large_image\" \/>\n<meta name=\"twitter:label1\" content=\"Gesch\u00e4tzte Lesezeit\" \/>\n\t<meta name=\"twitter:data1\" content=\"3\u00a0Minuten\" \/>\n<script type=\"application\/ld+json\" class=\"yoast-schema-graph\">{\"@context\":\"https:\\\/\\\/schema.org\",\"@graph\":[{\"@type\":\"WebPage\",\"@id\":\"https:\\\/\\\/bj-concept.com\\\/de\\\/innenausstattung\\\/\",\"url\":\"https:\\\/\\\/bj-concept.com\\\/de\\\/innenausstattung\\\/\",\"name\":\"Innenausstattung - BJ Concept\",\"isPartOf\":{\"@id\":\"https:\\\/\\\/bj-concept.com\\\/#website\"},\"datePublished\":\"2019-03-27T19:22:55+00:00\",\"dateModified\":\"2019-10-25T05:20:00+00:00\",\"breadcrumb\":{\"@id\":\"https:\\\/\\\/bj-concept.com\\\/de\\\/innenausstattung\\\/#breadcrumb\"},\"inLanguage\":\"de\",\"potentialAction\":[{\"@type\":\"ReadAction\",\"target\":[\"https:\\\/\\\/bj-concept.com\\\/de\\\/innenausstattung\\\/\"]}]},{\"@type\":\"BreadcrumbList\",\"@id\":\"https:\\\/\\\/bj-concept.com\\\/de\\\/innenausstattung\\\/#breadcrumb\",\"itemListElement\":[{\"@type\":\"ListItem\",\"position\":1,\"name\":\"Home\",\"item\":\"https:\\\/\\\/bj-concept.com\\\/de\\\/\"},{\"@type\":\"ListItem\",\"position\":2,\"name\":\"Innenausstattung\"}]},{\"@type\":\"WebSite\",\"@id\":\"https:\\\/\\\/bj-concept.com\\\/#website\",\"url\":\"https:\\\/\\\/bj-concept.com\\\/\",\"name\":\"BJ Concept\",\"description\":\"\",\"potentialAction\":[{\"@type\":\"SearchAction\",\"target\":{\"@type\":\"EntryPoint\",\"urlTemplate\":\"https:\\\/\\\/bj-concept.com\\\/?s={search_term_string}\"},\"query-input\":{\"@type\":\"PropertyValueSpecification\",\"valueRequired\":true,\"valueName\":\"search_term_string\"}}],\"inLanguage\":\"de\"}]}<\/script>\n<!-- \/ Yoast SEO plugin. -->","yoast_head_json":{"title":"Innenausstattung - BJ Concept","robots":{"index":"index","follow":"follow","max-snippet":"max-snippet:-1","max-image-preview":"max-image-preview:large","max-video-preview":"max-video-preview:-1"},"canonical":"https:\/\/bj-concept.com\/de\/innenausstattung\/","og_locale":"de_DE","og_type":"article","og_title":"Innenausstattung - BJ Concept","og_url":"https:\/\/bj-concept.com\/de\/innenausstattung\/","og_site_name":"BJ Concept","article_modified_time":"2019-10-25T05:20:00+00:00","twitter_card":"summary_large_image","twitter_misc":{"Gesch\u00e4tzte Lesezeit":"3\u00a0Minuten"},"schema":{"@context":"https:\/\/schema.org","@graph":[{"@type":"WebPage","@id":"https:\/\/bj-concept.com\/de\/innenausstattung\/","url":"https:\/\/bj-concept.com\/de\/innenausstattung\/","name":"Innenausstattung - BJ Concept","isPartOf":{"@id":"https:\/\/bj-concept.com\/#website"},"datePublished":"2019-03-27T19:22:55+00:00","dateModified":"2019-10-25T05:20:00+00:00","breadcrumb":{"@id":"https:\/\/bj-concept.com\/de\/innenausstattung\/#breadcrumb"},"inLanguage":"de","potentialAction":[{"@type":"ReadAction","target":["https:\/\/bj-concept.com\/de\/innenausstattung\/"]}]},{"@type":"BreadcrumbList","@id":"https:\/\/bj-concept.com\/de\/innenausstattung\/#breadcrumb","itemListElement":[{"@type":"ListItem","position":1,"name":"Home","item":"https:\/\/bj-concept.com\/de\/"},{"@type":"ListItem","position":2,"name":"Innenausstattung"}]},{"@type":"WebSite","@id":"https:\/\/bj-concept.com\/#website","url":"https:\/\/bj-concept.com\/","name":"BJ Concept","description":"","potentialAction":[{"@type":"SearchAction","target":{"@type":"EntryPoint","urlTemplate":"https:\/\/bj-concept.com\/?s={search_term_string}"},"query-input":{"@type":"PropertyValueSpecification","valueRequired":true,"valueName":"search_term_string"}}],"inLanguage":"de"}]}},"_links":{"self":[{"href":"https:\/\/bj-concept.com\/de\/wp-json\/wp\/v2\/pages\/4016","targetHints":{"allow":["GET"]}}],"collection":[{"href":"https:\/\/bj-concept.com\/de\/wp-json\/wp\/v2\/pages"}],"about":[{"href":"https:\/\/bj-concept.com\/de\/wp-json\/wp\/v2\/types\/page"}],"author":[{"embeddable":true,"href":"https:\/\/bj-concept.com\/de\/wp-json\/wp\/v2\/users\/6"}],"replies":[{"embeddable":true,"href":"https:\/\/bj-concept.com\/de\/wp-json\/wp\/v2\/comments?post=4016"}],"version-history":[{"count":5,"href":"https:\/\/bj-concept.com\/de\/wp-json\/wp\/v2\/pages\/4016\/revisions"}],"predecessor-version":[{"id":5411,"href":"https:\/\/bj-concept.com\/de\/wp-json\/wp\/v2\/pages\/4016\/revisions\/5411"}],"wp:attachment":[{"href":"https:\/\/bj-concept.com\/de\/wp-json\/wp\/v2\/media?parent=4016"}],"curies":[{"name":"wp","href":"https:\/\/api.w.org\/{rel}","templated":true}]}}