{"id":4009,"date":"2019-03-27T19:21:31","date_gmt":"2019-03-27T19:21:31","guid":{"rendered":"https:\/\/bj-concept.com\/?page_id=4009"},"modified":"2022-12-13T08:04:50","modified_gmt":"2022-12-13T08:04:50","slug":"konzept","status":"publish","type":"page","link":"https:\/\/bj-concept.com\/de\/konzept\/","title":{"rendered":"Konzept"},"content":{"rendered":"<div id='full_slider_1'  class='avia-fullwidth-slider main_color avia-shadow   avia-builder-el-0  el_before_av_one_fifth  avia-builder-el-first   container_wrap fullsize'  ><div  class='avia-slideshow av-jm6igrph-9b6b44cfe65f8cf9aa51eb3405a8cba0 avia-slideshow-featured av_slideshow_full avia-slide-slider av-slideshow-ui av-control-default av-slideshow-manual av-loop-once av-loop-manual-endless av-default-height-applied   avia-slideshow-1' data-slideshow-options=\"{&quot;animation&quot;:&quot;slide&quot;,&quot;autoplay&quot;:false,&quot;loop_autoplay&quot;:&quot;once&quot;,&quot;interval&quot;:5,&quot;loop_manual&quot;:&quot;manual-endless&quot;,&quot;autoplay_stopper&quot;:false,&quot;noNavigation&quot;:false,&quot;bg_slider&quot;:false,&quot;keep_padding&quot;:false,&quot;hoverpause&quot;:false,&quot;show_slide_delay&quot;:0}\"  itemprop=\"image\" itemscope=\"itemscope\" itemtype=\"https:\/\/schema.org\/ImageObject\" ><ul class='avia-slideshow-inner ' style='padding-bottom: 28.666666666667%;'><li  class='avia-slideshow-slide av-jm6igrph-9b6b44cfe65f8cf9aa51eb3405a8cba0__0  av-single-slide slide-1 slide-odd'><div data-rel='slideshow-1' class='avia-slide-wrap '   ><img class=\"wp-image-4263 avia-img-lazy-loading-not-4263\"  src='https:\/\/bj-concept.com\/wp-content\/uploads\/2018\/10\/concept.jpg' width='1500' height='430' title='concept' alt=''  itemprop=\"thumbnailUrl\"   \/><\/div><\/li><\/ul><\/div><\/div><div id='after_full_slider_1'  class='main_color av_default_container_wrap container_wrap fullsize'  ><div class='container av-section-cont-open' ><div class='template-page content  av-content-full alpha units'><div class='post-entry post-entry-type-page post-entry-4009'><div class='entry-content-wrapper clearfix'>\n\n<style type=\"text\/css\" data-created_by=\"avia_inline_auto\" id=\"style-css-av-4p1917-136ed0d62b739489a10a0e80c515bf76\">\n.flex_column.av-4p1917-136ed0d62b739489a10a0e80c515bf76{\n-webkit-border-radius:0px 0px 0px 0px;\n-moz-border-radius:0px 0px 0px 0px;\nborder-radius:0px 0px 0px 0px;\npadding:0px 0px 0px 0px;\n}\n<\/style>\n<div  class='flex_column av-4p1917-136ed0d62b739489a10a0e80c515bf76 av_one_fifth  avia-builder-el-1  el_after_av_slideshow_full  el_before_av_three_fifth  avia-builder-el-first  first flex_column_div av-zero-column-padding  '     ><\/div>\n\n<style type=\"text\/css\" data-created_by=\"avia_inline_auto\" id=\"style-css-av-444xni-d803c212b375b3674c582edb5a30960e\">\n.flex_column.av-444xni-d803c212b375b3674c582edb5a30960e{\n-webkit-border-radius:0px 0px 0px 0px;\n-moz-border-radius:0px 0px 0px 0px;\nborder-radius:0px 0px 0px 0px;\npadding:0px 0px 0px 0px;\n}\n<\/style>\n<div  class='flex_column av-444xni-d803c212b375b3674c582edb5a30960e av_three_fifth  avia-builder-el-2  el_after_av_one_fifth  el_before_av_one_fifth  flex_column_div av-zero-column-padding  '     ><section  class='av_textblock_section av-jm2amf7q-1ba97cfa2883253d662c38827f3791e5 '   itemscope=\"itemscope\" itemtype=\"https:\/\/schema.org\/CreativeWork\" ><div class='avia_textblock'  itemprop=\"text\" ><h1>konzept<\/h1>\n<\/div><\/section><br \/>\n<section  class='av_textblock_section av-jm2am425-cae4672955f96053cdb3f18b2fc32f94 '   itemscope=\"itemscope\" itemtype=\"https:\/\/schema.org\/CreativeWork\" ><div class='avia_textblock'  itemprop=\"text\" ><p>Wenden Sie sich an mich, wenn Sie ein Grundst\u00fcck kaufen und Ihr Traumhaus bauen wollen oder wenn Sie ein altes Geb\u00e4ude haben, welches Sie renovieren m\u00f6chten. Gerne berate ich Sie auch bei einer Erweiterung Ihres bestehenden Hauses.<\/p>\n<p>Meine Kunden sind in der Regel Personen, die sich ein zweites Zuhause w\u00fcnschen und einen vertrauensw\u00fcrdigen Partner f\u00fcr alle rechtlichen und logistischen Angelegenheiten brauchen. Die Kunden erwarten von mir einen entspannten und unkomplizierten Service und w\u00fcnschen gleichzeitig Ratschl\u00e4ge zu allen Themen, einschlie\u00dflich der pers\u00f6nlichen und einzigartigen Gestaltung der Immobilie.<\/p>\n<p>Ich verstehe die Denkweise, in einem fremden Land zu investieren und ich kenne die verschiedenen Herausforderungen und Arbeiten, die ein solches Projekt mit sich bringt.Meine Erfahrung mit unseren eigenen 4 Villen aus erster Hand ist eine Garantie daf\u00fcr, dass Ihr Traum und Ihre Anspr\u00fcche erf\u00fcllt und innerhalb Ihrer Zeit und Ihres Budget ausgef\u00fchrt werden.<\/p>\n<\/div><\/section><br \/>\n<section  class='av_textblock_section av-jm2am425-cae4672955f96053cdb3f18b2fc32f94 '   itemscope=\"itemscope\" itemtype=\"https:\/\/schema.org\/CreativeWork\" ><div class='avia_textblock'  itemprop=\"text\" ><p style=\"text-align: center;\">\u201eFreude an der Arbeit, Perfektion am Ergebnis\u201c<\/p>\n<\/div><\/section><br \/>\n\n<style type=\"text\/css\" data-created_by=\"avia_inline_auto\" id=\"style-css-av-jm6iggzx-e5b3c7688e12c91ea8fcc9722bae2a84\">\n#top .hr.hr-invisible.av-jm6iggzx-e5b3c7688e12c91ea8fcc9722bae2a84{\nheight:20px;\n}\n<\/style>\n<div  class='hr av-jm6iggzx-e5b3c7688e12c91ea8fcc9722bae2a84 hr-invisible  avia-builder-el-6  el_after_av_textblock  el_before_av_textblock '><span class='hr-inner '><span class=\"hr-inner-style\"><\/span><\/span><\/div><br \/>\n<section  class='av_textblock_section av-jm2and5k-abb6da80b64766c1cd54a7a93a0a6acd '   itemscope=\"itemscope\" itemtype=\"https:\/\/schema.org\/CreativeWork\" ><div class='avia_textblock'  itemprop=\"text\" ><h3>Services<\/h3>\n<ul>\n<li>Beratung und Vorschl\u00e4ge vor Ort<\/li>\n<li>Marktforschung und Suche entsprechender Immobilien<\/li>\n<li>\u00dcberpr\u00fcfung des rechtlichen Status des Grundst\u00fcckes<\/li>\n<li>Beratung des Kunden \u00fcber M\u00f6glichkeiten und Zeitrahmen<\/li>\n<li>Verhandlung im Namen der Kunden<\/li>\n<li>Eintrag in das Grundbuch<\/li>\n<li>Auswahl von Architekten, Vermessungsingenieur und Baumeistern<\/li>\n<li>Arbeiten Sie mit dem Architekten bei der Raumplanung zusammen<\/li>\n<li>Material und Arbeitsliste erstellen lassen<\/li>\n<li>Pr\u00fcfen und Einholung der Baugenehmigung<\/li>\n<li>Analyse der Angebote von Bauunternehmen<\/li>\n<li>Verhandlung und Auswahl der Baufirmen<\/li>\n<li>Koordinierung von Bauinspektor und Baumeister<\/li>\n<li>Kontrolle und \u00dcberwachung f\u00fcr den Bauherrn<\/li>\n<li>Vertr\u00e4ge f\u00fcr Wasser, Strom usw.<\/li>\n<li>Verhandlung und Auswahl eines Landschaftsgestaltungsunternehmens<\/li>\n<li>Kontrolle und \u00dcberwachung der Au\u00dfengestaltung<\/li>\n<li>Einholung der Nutzungserlaubnis<\/li>\n<li>Mieterlaubnis einholen<\/li>\n<li>Kostenkontrolle<\/li>\n<\/ul>\n<h3>Preisgestaltung<\/h3>\n<p>In Istrien ist es m\u00f6glich, eine wundersch\u00f6ne, schl\u00fcsselfertige Familienvilla f\u00fcr weniger als 385.000 EUR fertigzustellen. Neben dem Wissen, wann und was zu verhandeln ist, gibt es M\u00f6glichkeiten, die Gesamtkosten zu senken. Wenn Sie fr\u00fchzeitig und richtig planen, sind Ihre Einsparungen h\u00f6her als meine Geb\u00fchren.<\/p>\n<h3>Investition<\/h3>\n<p>Wenn Sie zu einem sp\u00e4teren Zeitpunkt in Betracht ziehen, Ihre Immobilie zu vermieten und an die wichtigsten Voraussetzungen vorab gedacht haben, betr\u00e4gt die Nettorendite mehr als 5% der Gesamtinvestition.<\/p>\n<\/div><\/section><\/p><\/div>\n<style type=\"text\/css\" data-created_by=\"avia_inline_auto\" id=\"style-css-av-2l0esr-5d2aac460387f77dfa46923389c7c010\">\n.flex_column.av-2l0esr-5d2aac460387f77dfa46923389c7c010{\n-webkit-border-radius:0px 0px 0px 0px;\n-moz-border-radius:0px 0px 0px 0px;\nborder-radius:0px 0px 0px 0px;\npadding:0px 0px 0px 0px;\n}\n<\/style>\n<div  class='flex_column av-2l0esr-5d2aac460387f77dfa46923389c7c010 av_one_fifth  avia-builder-el-8  el_after_av_three_fifth  avia-builder-el-last  flex_column_div av-zero-column-padding  '     ><\/div><\/p>\n","protected":false},"excerpt":{"rendered":"","protected":false},"author":6,"featured_media":0,"parent":0,"menu_order":0,"comment_status":"closed","ping_status":"closed","template":"","meta":{"footnotes":""},"class_list":["post-4009","page","type-page","status-publish","hentry"],"yoast_head":"<!-- This site is optimized with the Yoast SEO plugin v27.4 - https:\/\/yoast.com\/product\/yoast-seo-wordpress\/ -->\n<title>Konzept - BJ Concept<\/title>\n<meta name=\"robots\" content=\"index, follow, max-snippet:-1, max-image-preview:large, max-video-preview:-1\" \/>\n<link rel=\"canonical\" href=\"https:\/\/bj-concept.com\/de\/konzept\/\" \/>\n<meta property=\"og:locale\" content=\"de_DE\" \/>\n<meta property=\"og:type\" content=\"article\" \/>\n<meta property=\"og:title\" content=\"Konzept - BJ Concept\" \/>\n<meta property=\"og:url\" content=\"https:\/\/bj-concept.com\/de\/konzept\/\" \/>\n<meta property=\"og:site_name\" content=\"BJ Concept\" \/>\n<meta property=\"article:modified_time\" content=\"2022-12-13T08:04:50+00:00\" \/>\n<meta name=\"twitter:card\" content=\"summary_large_image\" \/>\n<meta name=\"twitter:label1\" content=\"Gesch\u00e4tzte Lesezeit\" \/>\n\t<meta name=\"twitter:data1\" content=\"3\u00a0Minuten\" \/>\n<script type=\"application\/ld+json\" class=\"yoast-schema-graph\">{\"@context\":\"https:\\\/\\\/schema.org\",\"@graph\":[{\"@type\":\"WebPage\",\"@id\":\"https:\\\/\\\/bj-concept.com\\\/de\\\/konzept\\\/\",\"url\":\"https:\\\/\\\/bj-concept.com\\\/de\\\/konzept\\\/\",\"name\":\"Konzept - BJ Concept\",\"isPartOf\":{\"@id\":\"https:\\\/\\\/bj-concept.com\\\/#website\"},\"datePublished\":\"2019-03-27T19:21:31+00:00\",\"dateModified\":\"2022-12-13T08:04:50+00:00\",\"breadcrumb\":{\"@id\":\"https:\\\/\\\/bj-concept.com\\\/de\\\/konzept\\\/#breadcrumb\"},\"inLanguage\":\"de\",\"potentialAction\":[{\"@type\":\"ReadAction\",\"target\":[\"https:\\\/\\\/bj-concept.com\\\/de\\\/konzept\\\/\"]}]},{\"@type\":\"BreadcrumbList\",\"@id\":\"https:\\\/\\\/bj-concept.com\\\/de\\\/konzept\\\/#breadcrumb\",\"itemListElement\":[{\"@type\":\"ListItem\",\"position\":1,\"name\":\"Home\",\"item\":\"https:\\\/\\\/bj-concept.com\\\/de\\\/\"},{\"@type\":\"ListItem\",\"position\":2,\"name\":\"Konzept\"}]},{\"@type\":\"WebSite\",\"@id\":\"https:\\\/\\\/bj-concept.com\\\/#website\",\"url\":\"https:\\\/\\\/bj-concept.com\\\/\",\"name\":\"BJ Concept\",\"description\":\"\",\"potentialAction\":[{\"@type\":\"SearchAction\",\"target\":{\"@type\":\"EntryPoint\",\"urlTemplate\":\"https:\\\/\\\/bj-concept.com\\\/?s={search_term_string}\"},\"query-input\":{\"@type\":\"PropertyValueSpecification\",\"valueRequired\":true,\"valueName\":\"search_term_string\"}}],\"inLanguage\":\"de\"}]}<\/script>\n<!-- \/ Yoast SEO plugin. -->","yoast_head_json":{"title":"Konzept - BJ Concept","robots":{"index":"index","follow":"follow","max-snippet":"max-snippet:-1","max-image-preview":"max-image-preview:large","max-video-preview":"max-video-preview:-1"},"canonical":"https:\/\/bj-concept.com\/de\/konzept\/","og_locale":"de_DE","og_type":"article","og_title":"Konzept - BJ Concept","og_url":"https:\/\/bj-concept.com\/de\/konzept\/","og_site_name":"BJ Concept","article_modified_time":"2022-12-13T08:04:50+00:00","twitter_card":"summary_large_image","twitter_misc":{"Gesch\u00e4tzte Lesezeit":"3\u00a0Minuten"},"schema":{"@context":"https:\/\/schema.org","@graph":[{"@type":"WebPage","@id":"https:\/\/bj-concept.com\/de\/konzept\/","url":"https:\/\/bj-concept.com\/de\/konzept\/","name":"Konzept - BJ Concept","isPartOf":{"@id":"https:\/\/bj-concept.com\/#website"},"datePublished":"2019-03-27T19:21:31+00:00","dateModified":"2022-12-13T08:04:50+00:00","breadcrumb":{"@id":"https:\/\/bj-concept.com\/de\/konzept\/#breadcrumb"},"inLanguage":"de","potentialAction":[{"@type":"ReadAction","target":["https:\/\/bj-concept.com\/de\/konzept\/"]}]},{"@type":"BreadcrumbList","@id":"https:\/\/bj-concept.com\/de\/konzept\/#breadcrumb","itemListElement":[{"@type":"ListItem","position":1,"name":"Home","item":"https:\/\/bj-concept.com\/de\/"},{"@type":"ListItem","position":2,"name":"Konzept"}]},{"@type":"WebSite","@id":"https:\/\/bj-concept.com\/#website","url":"https:\/\/bj-concept.com\/","name":"BJ Concept","description":"","potentialAction":[{"@type":"SearchAction","target":{"@type":"EntryPoint","urlTemplate":"https:\/\/bj-concept.com\/?s={search_term_string}"},"query-input":{"@type":"PropertyValueSpecification","valueRequired":true,"valueName":"search_term_string"}}],"inLanguage":"de"}]}},"_links":{"self":[{"href":"https:\/\/bj-concept.com\/de\/wp-json\/wp\/v2\/pages\/4009","targetHints":{"allow":["GET"]}}],"collection":[{"href":"https:\/\/bj-concept.com\/de\/wp-json\/wp\/v2\/pages"}],"about":[{"href":"https:\/\/bj-concept.com\/de\/wp-json\/wp\/v2\/types\/page"}],"author":[{"embeddable":true,"href":"https:\/\/bj-concept.com\/de\/wp-json\/wp\/v2\/users\/6"}],"replies":[{"embeddable":true,"href":"https:\/\/bj-concept.com\/de\/wp-json\/wp\/v2\/comments?post=4009"}],"version-history":[{"count":5,"href":"https:\/\/bj-concept.com\/de\/wp-json\/wp\/v2\/pages\/4009\/revisions"}],"predecessor-version":[{"id":6061,"href":"https:\/\/bj-concept.com\/de\/wp-json\/wp\/v2\/pages\/4009\/revisions\/6061"}],"wp:attachment":[{"href":"https:\/\/bj-concept.com\/de\/wp-json\/wp\/v2\/media?parent=4009"}],"curies":[{"name":"wp","href":"https:\/\/api.w.org\/{rel}","templated":true}]}}